{"id":12709,"date":"2015-04-08T02:56:19","date_gmt":"2015-04-08T02:56:19","guid":{"rendered":"http:\/\/www.berbegal.es\/home-manufacturing\/?lang=de"},"modified":"2016-10-18T12:48:40","modified_gmt":"2016-10-18T12:48:40","slug":"home-manufacturing","status":"publish","type":"page","link":"https:\/\/www.berbegal.es\/de\/","title":{"rendered":"Home"},"content":{"rendered":"<p>[vc_row el_class=&#8220;hidden-xs float-none&#8220; css=&#8220;.vc_custom_1476794905204{margin-top: 0px !important;margin-bottom: 0px !important;background-color: #fbfbfb !important;}&#8220;][vc_column css=&#8220;.vc_custom_1431385969987{padding-right: 0px !important;padding-left: 0px !important;}&#8220;][vc_column_text]<link href=\"https:\/\/fonts.googleapis.com\/css?family=Open+Sans:300,400,600,700,800\" rel=\"stylesheet\" property=\"stylesheet\" type=\"text\/css\" media=\"all\" \/><link href=\"https:\/\/fonts.googleapis.com\/css?family=Raleway:100,200,300,400,500,600,700,800,900\" rel=\"stylesheet\" property=\"stylesheet\" type=\"text\/css\" media=\"all\" \/><link href=\"https:\/\/fonts.googleapis.com\/css?family=Droid+Serif:400,700\" rel=\"stylesheet\" property=\"stylesheet\" type=\"text\/css\" media=\"all\" \/>\n<div id=\"rev_slider_3_1_wrapper\" class=\"rev_slider_wrapper fullwidthbanner-container\" style=\"margin:0px auto;background-color:#ffffff;padding:0px;margin-top:0px;margin-bottom:0px;\">\n<!-- START REVOLUTION SLIDER 5.1.5 auto mode -->\n\t<div id=\"rev_slider_3_1\" class=\"rev_slider fullwidthabanner\" style=\"display:none;\" data-version=\"5.1.5\">\n<ul>\t<!-- SLIDE  -->\n\t<li data-index=\"rs-7\" data-transition=\"fade\" data-slotamount=\"7\" data-hideafterloop=\"0\"  data-easein=\"default\" data-easeout=\"default\" data-masterspeed=\"300\"  data-thumb=\"https:\/\/www.berbegal.es\/wp-content\/uploads\/2016\/02\/berbegal_slider-100x50.jpg\"  data-rotate=\"0\"  data-saveperformance=\"off\"  data-title=\"Slide\" data-param1=\"\" data-param2=\"\" data-param3=\"\" data-param4=\"\" data-param5=\"\" data-param6=\"\" data-param7=\"\" data-param8=\"\" data-param9=\"\" data-param10=\"\" data-description=\"\">\n\t\t<!-- MAIN IMAGE -->\n\t\t<img loading=\"lazy\" decoding=\"async\" src=\"https:\/\/www.berbegal.es\/wp-content\/uploads\/2016\/02\/berbegal_slider.jpg\"  alt=\"\"  width=\"1800\" height=\"932\" data-bgposition=\"center top\" data-kenburns=\"on\" data-duration=\"6000\" data-ease=\"Linear.easeNone\" data-scalestart=\"100\" data-scaleend=\"100\" data-rotatestart=\"0\" data-rotateend=\"0\" data-offsetstart=\"0 0\" data-offsetend=\"0 0\" class=\"rev-slidebg\" data-no-retina>\n\t\t<!-- LAYERS -->\n\n\t\t<!-- LAYER NR. 1 -->\n\t\t<div class=\"tp-caption very_large_text   tp-resizeme\" \n\t\t\t id=\"slide-7-layer-2\" \n\t\t\t data-x=\"10\" \n\t\t\t data-y=\"bottom\" data-voffset=\"10\" \n\t\t\t\t\t\tdata-width=\"['auto']\"\n\t\t\tdata-height=\"['auto']\"\n\t\t\tdata-transform_idle=\"o:1;\"\n \n\t\t\t data-transform_in=\"x:-50px;opacity:0;s:1300;e:Quint.easeInOut;\" \n\t\t\t data-transform_out=\"auto:auto;s:300;\" \n\t\t\tdata-start=\"950\" \n\t\t\tdata-splitin=\"none\" \n\t\t\tdata-splitout=\"none\" \n\t\t\tdata-responsive_offset=\"on\" \n\n\t\t\t\n\t\t\tstyle=\"z-index: 5; white-space: nowrap; color: rgba(255, 255, 255, 1.00);\">DIE GENAUIGKEIT EINER BRAND\n \n\t\t<\/div>\n\t<\/li>\n\t<!-- SLIDE  -->\n\t<li data-index=\"rs-8\" data-transition=\"fade\" data-slotamount=\"default\" data-hideafterloop=\"0\"  data-easein=\"default\" data-easeout=\"default\" data-masterspeed=\"default\"  data-thumb=\"https:\/\/www.berbegal.es\/wp-content\/uploads\/2016\/02\/berbegal_slider2-100x50.jpg\"  data-rotate=\"0\"  data-saveperformance=\"off\"  data-title=\"Slide 2\" data-param1=\"\" data-param2=\"\" data-param3=\"\" data-param4=\"\" data-param5=\"\" data-param6=\"\" data-param7=\"\" data-param8=\"\" data-param9=\"\" data-param10=\"\" data-description=\"\">\n\t\t<!-- MAIN IMAGE -->\n\t\t<img loading=\"lazy\" decoding=\"async\" src=\"https:\/\/www.berbegal.es\/wp-content\/uploads\/2016\/02\/berbegal_slider2.jpg\"  alt=\"\"  width=\"1800\" height=\"932\" data-bgposition=\"center top\" data-kenburns=\"on\" data-duration=\"6000\" data-ease=\"Linear.easeNone\" data-scalestart=\"100\" data-scaleend=\"100\" data-rotatestart=\"0\" data-rotateend=\"0\" data-offsetstart=\"0 0\" data-offsetend=\"0 0\" class=\"rev-slidebg\" data-no-retina>\n\t\t<!-- LAYERS -->\n\n\t\t<!-- LAYER NR. 1 -->\n\t\t<div class=\"tp-caption very_large_text   tp-resizeme\" \n\t\t\t id=\"slide-8-layer-2\" \n\t\t\t data-x=\"10\" \n\t\t\t data-y=\"bottom\" data-voffset=\"10\" \n\t\t\t\t\t\tdata-width=\"['auto']\"\n\t\t\tdata-height=\"['auto']\"\n\t\t\tdata-transform_idle=\"o:1;\"\n \n\t\t\t data-transform_in=\"x:-50px;opacity:0;s:300;e:Power3.easeInOut;\" \n\t\t\t data-transform_out=\"auto:auto;s:300;\" \n\t\t\tdata-start=\"950\" \n\t\t\tdata-splitin=\"none\" \n\t\t\tdata-splitout=\"none\" \n\t\t\tdata-responsive_offset=\"on\" \n\n\t\t\t\n\t\t\tstyle=\"z-index: 5; white-space: nowrap;\">HIGHTECH \n\t\t<\/div>\n\t<\/li>\n\t<!-- SLIDE  -->\n\t<li data-index=\"rs-15\" data-transition=\"fade\" data-slotamount=\"default\" data-hideafterloop=\"0\"  data-easein=\"default\" data-easeout=\"default\" data-masterspeed=\"300\"  data-thumb=\"\"  data-rotate=\"0\"  data-saveperformance=\"off\"  data-title=\"Slide\" data-param1=\"\" data-param2=\"\" data-param3=\"\" data-param4=\"\" data-param5=\"\" data-param6=\"\" data-param7=\"\" data-param8=\"\" data-param9=\"\" data-param10=\"\" data-description=\"\">\n\t\t<!-- MAIN IMAGE -->\n\t\t<img decoding=\"async\" src=\"https:\/\/www.berbegal.es\/wp-content\/plugins\/revslider\/admin\/assets\/images\/transparent.png\" style='background-color:#ffffff' alt=\"\"  data-bgposition=\"center center\" data-bgfit=\"cover\" data-bgrepeat=\"no-repeat\" class=\"rev-slidebg\" data-no-retina>\n\t\t<!-- LAYERS -->\n\n\t\t<!-- LAYER NR. 1 -->\n\t\t<div class=\"tp-caption   tp-resizeme tp-videolayer\" \n\t\t\t id=\"slide-15-layer-1\" \n\t\t\t data-x=\"center\" data-hoffset=\"\" \n\t\t\t data-y=\"\" \n\t\t\t\t\t\tdata-transform_idle=\"o:1;\"\n \n\t\t\t data-transform_in=\"opacity:0;s:300;e:Power2.easeInOut;\" \n\t\t\t data-transform_out=\"opacity:0;s:300;s:300;\" \n\t\t\tdata-start=\"500\" \n\t\t\tdata-responsive_offset=\"on\" \n\n\t\t\t data-ytid=\"5zyX0FkOcG4\" data-videoattributes=\"version=3&amp;enablejsapi=1&amp;html5=1&amp;volume=100&hd=1&wmode=opaque&showinfo=0&rel=0;;origin=https:\/\/www.berbegal.es;\" data-videorate=\"1\" data-videowidth=\"658px\" data-videoheight=\"370px\" data-videocontrols=\"none\" data-videoloop=\"none\"\t\t\tdata-autoplay=\"on\" \n\t\t\tdata-nextslideatend=\"true\" \n\t\t\tdata-volume=\"100\"\n\t\t\tstyle=\"z-index: 5;\"> \n\t\t<\/div>\n\t<\/li>\n<\/ul>\n<div class=\"tp-static-layers\">\n<\/div>\n<div class=\"tp-bannertimer tp-bottom\" style=\"visibility: hidden !important;\"><\/div>\t<\/div>\n<script>var htmlDiv = document.getElementById(\"rs-plugin-settings-inline-css\"); var htmlDivCss=\".tp-caption.very_large_text,.very_large_text{color:#fff;font-weight:700;font-size:60px;line-height:60px;font-family:Arial;border-width:0px;border-style:none;position:absolute;text-shadow:0px 2px 5px rgba(0,0,0,0.5);margin:0px;white-space:nowrap;letter-spacing:-2px}\";\r\n\t\t\t\tif(htmlDiv) {\r\n\t\t\t\t\thtmlDiv.innerHTML = htmlDiv.innerHTML + htmlDivCss;\r\n\t\t\t\t}else{\r\n\t\t\t\t\tvar htmlDiv = document.createElement(\"div\");\r\n\t\t\t\t\thtmlDiv.innerHTML = \"<style>\" + htmlDivCss + \"<\/style>\";\r\n\t\t\t\t\tdocument.getElementsByTagName(\"head\")[0].appendChild(htmlDiv.childNodes[0]);\r\n\t\t\t\t}\r\n\t\t\t<\/script>\n\t\t<script type=\"text\/javascript\">\r\n\t\t\t\t\t\t\/******************************************\r\n\t\t\t\t-\tPREPARE PLACEHOLDER FOR SLIDER\t-\r\n\t\t\t******************************************\/\r\n\r\n\t\t\tvar setREVStartSize=function(){\r\n\t\t\t\ttry{var e=new Object,i=jQuery(window).width(),t=9999,r=0,n=0,l=0,f=0,s=0,h=0;\r\n\t\t\t\t\te.c = jQuery('#rev_slider_3_1');\r\n\t\t\t\t\te.gridwidth = [1170];\r\n\t\t\t\t\te.gridheight = [370];\r\n\t\t\t\t\t\t\t\r\n\t\t\t\t\te.sliderLayout = \"auto\";\r\n\t\t\t\t\tif(e.responsiveLevels&&(jQuery.each(e.responsiveLevels,function(e,f){f>i&&(t=r=f,l=e),i>f&&f>r&&(r=f,n=e)}),t>r&&(l=n)),f=e.gridheight[l]||e.gridheight[0]||e.gridheight,s=e.gridwidth[l]||e.gridwidth[0]||e.gridwidth,h=i\/s,h=h>1?1:h,f=Math.round(h*f),\"fullscreen\"==e.sliderLayout){var u=(e.c.width(),jQuery(window).height());if(void 0!=e.fullScreenOffsetContainer){var c=e.fullScreenOffsetContainer.split(\",\");if (c) jQuery.each(c,function(e,i){u=jQuery(i).length>0?u-jQuery(i).outerHeight(!0):u}),e.fullScreenOffset.split(\"%\").length>1&&void 0!=e.fullScreenOffset&&e.fullScreenOffset.length>0?u-=jQuery(window).height()*parseInt(e.fullScreenOffset,0)\/100:void 0!=e.fullScreenOffset&&e.fullScreenOffset.length>0&&(u-=parseInt(e.fullScreenOffset,0))}f=u}else void 0!=e.minHeight&&f<e.minHeight&&(f=e.minHeight);e.c.closest(\".rev_slider_wrapper\").css({height:f})\r\n\t\t\t\t\t\r\n\t\t\t\t}catch(d){console.log(\"Failure at Presize of Slider:\"+d)}\r\n\t\t\t};\r\n\t\t\t\t\t\t\r\n\t\t\t\t\r\n\t\t\tsetREVStartSize();\r\n\t\t\tfunction revslider_showDoubleJqueryError(sliderID) {\r\n\t\t\t\t\tvar errorMessage = \"Revolution Slider Error: You have some jquery.js library include that comes after the revolution files js include.\";\r\n\t\t\t\t\terrorMessage += \"<br> This includes make eliminates the revolution slider libraries, and make it not work.\";\r\n\t\t\t\t\terrorMessage += \"<br><br> To fix it you can:<br>&nbsp;&nbsp;&nbsp; 1. In the Slider Settings -> Troubleshooting set option:  <strong><b>Put JS Includes To Body<\/b><\/strong> option to true.\";\r\n\t\t\t\t\terrorMessage += \"<br>&nbsp;&nbsp;&nbsp; 2. Find the double jquery.js include and remove it.\";\r\n\t\t\t\t\terrorMessage = \"<span style='font-size:16px;color:#BC0C06;'>\" + errorMessage + \"<\/span>\";\r\n\t\t\t\t\t\tjQuery(sliderID).show().html(errorMessage);\r\n\t\t\t\t}\r\n\t\t\t\t\t\tvar tpj=jQuery;\r\n\t\t\ttpj.noConflict();\r\n\t\t\tvar revapi3;\r\n\t\t\ttpj(document).ready(function() {\n\t\t\t\tif(tpj(\"#rev_slider_3_1\").revolution == undefined){\n\t\t\t\t\trevslider_showDoubleJqueryError(\"#rev_slider_3_1\");\n\t\t\t\t}else{\n\t\t\t\t\trevapi3 = tpj(\"#rev_slider_3_1\").show().revolution({\n\t\t\t\t\t\tsliderType:\"standard\",\njsFileLocation:\"\/\/www.berbegal.es\/wp-content\/plugins\/revslider\/public\/assets\/js\/\",\n\t\t\t\t\t\tsliderLayout:\"auto\",\n\t\t\t\t\t\tdottedOverlay:\"none\",\n\t\t\t\t\t\tdelay:6000,\n\t\t\t\t\t\tnavigation: {\n\t\t\t\t\t\t\tkeyboardNavigation:\"off\",\n\t\t\t\t\t\t\tkeyboard_direction: \"horizontal\",\n\t\t\t\t\t\t\tmouseScrollNavigation:\"off\",\n\t\t\t\t\t\t\tonHoverStop:\"off\",\n\t\t\t\t\t\t\ttouch:{\n\t\t\t\t\t\t\t\ttouchenabled:\"on\",\n\t\t\t\t\t\t\t\tswipe_threshold: 75,\n\t\t\t\t\t\t\t\tswipe_min_touches: 1,\n\t\t\t\t\t\t\t\tswipe_direction: \"horizontal\",\n\t\t\t\t\t\t\t\tdrag_block_vertical: false\n\t\t\t\t\t\t\t}\n\t\t\t\t\t\t\t,\n\t\t\t\t\t\t\tarrows: {\n\t\t\t\t\t\t\t\tstyle:\"hesperiden\",\n\t\t\t\t\t\t\t\tenable:true,\n\t\t\t\t\t\t\t\thide_onmobile:false,\n\t\t\t\t\t\t\t\thide_onleave:false,\n\t\t\t\t\t\t\t\ttmp:'',\n\t\t\t\t\t\t\t\tleft: {\n\t\t\t\t\t\t\t\t\th_align:\"left\",\n\t\t\t\t\t\t\t\t\tv_align:\"center\",\n\t\t\t\t\t\t\t\t\th_offset:20,\n\t\t\t\t\t\t\t\t\tv_offset:0\n\t\t\t\t\t\t\t\t},\n\t\t\t\t\t\t\t\tright: {\n\t\t\t\t\t\t\t\t\th_align:\"right\",\n\t\t\t\t\t\t\t\t\tv_align:\"center\",\n\t\t\t\t\t\t\t\t\th_offset:20,\n\t\t\t\t\t\t\t\t\tv_offset:0\n\t\t\t\t\t\t\t\t}\n\t\t\t\t\t\t\t}\n\t\t\t\t\t\t},\n\t\t\t\t\t\tvisibilityLevels:[1240,1024,778,480],\n\t\t\t\t\t\tgridwidth:1170,\n\t\t\t\t\t\tgridheight:370,\n\t\t\t\t\t\tlazyType:\"none\",\n\t\t\t\t\t\tshadow:0,\n\t\t\t\t\t\tspinner:\"spinner5\",\n\t\t\t\t\t\tstopLoop:\"off\",\n\t\t\t\t\t\tstopAfterLoops:-1,\n\t\t\t\t\t\tstopAtSlide:-1,\n\t\t\t\t\t\tshuffle:\"off\",\n\t\t\t\t\t\tautoHeight:\"off\",\n\t\t\t\t\t\tdisableProgressBar:\"on\",\n\t\t\t\t\t\thideThumbsOnMobile:\"off\",\n\t\t\t\t\t\thideSliderAtLimit:0,\n\t\t\t\t\t\thideCaptionAtLimit:0,\n\t\t\t\t\t\thideAllCaptionAtLilmit:0,\n\t\t\t\t\t\tdebugMode:false,\n\t\t\t\t\t\tfallbacks: {\n\t\t\t\t\t\t\tsimplifyAll:\"off\",\n\t\t\t\t\t\t\tnextSlideOnWindowFocus:\"off\",\n\t\t\t\t\t\t\tdisableFocusListener:false,\n\t\t\t\t\t\t}\n\t\t\t\t\t});\n\t\t\t\t}\n\t\t\t});\t\/*ready*\/\n\t\t<\/script>\r\n\t\t<script>\r\n\t\t\t\t\tvar htmlDivCss = unescape(\".hesperiden.tparrows%20%7B%0A%09cursor%3Apointer%3B%0A%09background%3A%23000%3B%0A%09background%3Argba%280%2C0%2C0%2C0.5%29%3B%0A%09width%3A40px%3B%0A%09height%3A40px%3B%0A%09position%3Aabsolute%3B%0A%09display%3Ablock%3B%0A%09z-index%3A100%3B%0A%20%20%20%20border-radius%3A%2050%25%3B%0A%7D%0A.hesperiden.tparrows%3Ahover%20%7B%0A%09background%3A%23000%3B%0A%7D%0A.hesperiden.tparrows%3Abefore%20%7B%0A%09font-family%3A%20%22revicons%22%3B%0A%09font-size%3A20px%3B%0A%09color%3A%23fff%3B%0A%09display%3Ablock%3B%0A%09line-height%3A%2040px%3B%0A%09text-align%3A%20center%3B%0A%7D%0A.hesperiden.tparrows.tp-leftarrow%3Abefore%20%7B%0A%09content%3A%20%22%5Ce82c%22%3B%0A%20%20%20%20margin-left%3A-3px%3B%0A%7D%0A.hesperiden.tparrows.tp-rightarrow%3Abefore%20%7B%0A%09content%3A%20%22%5Ce82d%22%3B%0A%20%20%20%20margin-right%3A-3px%3B%0A%7D%0A\");\r\n\t\t\t\t\tvar htmlDiv = document.getElementById('rs-plugin-settings-inline-css');\r\n\t\t\t\t\tif(htmlDiv) {\r\n\t\t\t\t\t\thtmlDiv.innerHTML = htmlDiv.innerHTML + htmlDivCss;\r\n\t\t\t\t\t}\r\n\t\t\t\t\telse{\r\n\t\t\t\t\t\tvar htmlDiv = document.createElement('div');\r\n\t\t\t\t\t\thtmlDiv.innerHTML = '<style>' + htmlDivCss + '<\/style>';\r\n\t\t\t\t\t\tdocument.getElementsByTagName('head')[0].appendChild(htmlDiv.childNodes[0]);\r\n\t\t\t\t\t}\r\n\t\t\t\t  <\/script>\r\n\t\t\t\t<\/div><!-- END REVOLUTION SLIDER -->[\/vc_column_text][\/vc_column][\/vc_row][vc_row expanded=&#8220;2&#8243; css=&#8220;.vc_custom_1429256002070{padding-top: 75px !important;padding-bottom: 75px !important;background-color: #f4f4f4 !important;}&#8220;][vc_column width=&#8220;1\/3&#8243; css=&#8220;.vc_custom_1429499474330{margin-bottom: 15px !important;border-right-width: 3px !important;padding-right: 45px !important;border-right-color: #ee633f !important;border-right-style: solid !important;}&#8220; el_class=&#8220;sm-text-align-left&#8220;]<div id=\"section-1\" class=\"dt-section-head right size-default\" dir=\"ltr\">\r\n                <div><h2 class=\"section-main-title\">F\u00fchrende Unternehmen in der Metallmessingteile und national<\/h2><\/div>\r\n        <\/div>[\/vc_column][vc_column width=&#8220;2\/3&#8243; css=&#8220;.vc_custom_1428637015507{padding-left: 45px !important;}&#8220;][vc_column_text css_animation=&#8220;right-to-left&#8220;]<\/p>\n<h3>Das sind mehr als 70 Jahre in denen Wir National, als Marktf\u00fchrer in unserem Segment bekannt sind.<\/h3>\n<p><span style=\"font-size: 1.2em;\">Unsere aktuellen Unternehmungen f\u00fchren uns in weite Bereiche von Industriesektoren wie Luft. &#8211; und Raumfahrt, Automovil, Elektronik, Chirurgie, M\u00f6bel, Zubeh\u00f6r f\u00fcr Badezimmer, Mechanik, u.s.w&#8230; Um uns auch weiterhin die T\u00fcren zu neuen Technologien \u00f6ffnen, obliegt es uns, uns st\u00e4ndig in Technologie und der Ausbildung unserer Mitarbeiter weiter zu Entwickeln.<\/span>[\/vc_column_text][\/vc_column][\/vc_row][vc_row css=&#8220;.vc_custom_1429849493873{margin-top: 40px !important;}&#8220;][vc_column width=&#8220;1\/4&#8243; el_class=&#8220;icon-gray&#8220; css=&#8220;.vc_custom_1429848830730{margin-bottom: 30px !important;}&#8220;]<div id=\"module_dt_iconboxes_1\" class=\"module_dt_iconboxes vc_custom_1456745505238\"><div data-uk-scrollspy=\"{cls:'uk-animation-slide-bottom', delay:300}\"><div class=\"dt-iconboxes-4 layout-4\">\r\n                        <div class=\"dt-section-icon hi-icon-wrap hi-icon-effect-5 hi-icon-effect-5d\"><i class=\"hi-icon icon-miu-bookmark30\"><\/i><\/div>\r\n                        <h4> QUALIT\u00c4T<\/h4><div class=\"dt-iconboxes-text\"><p style=\"text-align: left;\">F\u00fcr Dies, setzen Wir die h\u00f6chste, exisiterende Technologie ein und verfolgen die strengsten Qualit\u00e4tskontrollen welche die Firma <strong>BERBEGAL S.L.<\/strong>,Div. C.N.C., zum Erlangen des <strong>ISO-Zertifikates UNE-EN-ISO 9002.<\/strong><\/p>\n<\/div>\r\n                        <\/div><\/div><\/div>[\/vc_column][vc_column width=&#8220;1\/4&#8243; el_class=&#8220;icon-gray&#8220; css=&#8220;.vc_custom_1429848844117{margin-bottom: 30px !important;}&#8220;]<div id=\"module_dt_iconboxes_2\" class=\"module_dt_iconboxes vc_custom_1456745676937\"><div data-uk-scrollspy=\"{cls:'uk-animation-slide-bottom', delay:300}\"><div class=\"dt-iconboxes-4 layout-4\">\r\n                        <div class=\"dt-section-icon hi-icon-wrap hi-icon-effect-5 hi-icon-effect-5d\"><i class=\"hi-icon icon-police-police5\"><\/i><\/div>\r\n                        <h4>F\u00dcHRENDES UNTERNEHMEN<\/h4><div class=\"dt-iconboxes-text\"><p style=\"text-align: left;\">In <strong>1945<\/strong> begann die Firma Ihre T\u00e4tigkeiten unter dem Namen Berbegal.<\/p>\n<p style=\"text-align: left;\">Das sind mehr asl 70 Jahre in denen Wir National, als Markt\u00fchrer in unserem Segment bekannt sind.<\/p>\n<\/div>\r\n                        <\/div><\/div><\/div>[\/vc_column][vc_column width=&#8220;1\/4&#8243; el_class=&#8220;icon-gray&#8220; css=&#8220;.vc_custom_1429848861813{margin-bottom: 30px !important;}&#8220;]<div id=\"module_dt_iconboxes_3\" class=\"module_dt_iconboxes vc_custom_1456745852831\"><div data-uk-scrollspy=\"{cls:'uk-animation-slide-bottom', delay:300}\"><div class=\"dt-iconboxes-4 layout-4\">\r\n                        <div class=\"dt-section-icon hi-icon-wrap hi-icon-effect-5 hi-icon-effect-5d\"><i class=\"hi-icon icon-building-hexagonal5\"><\/i><\/div>\r\n                        <h4>STANDARDPRODUKTE<\/h4><div class=\"dt-iconboxes-text\"><p style=\"text-align: left;\">Wir verf\u00fcgen \u00fcber standardisierte Artikel welche weitestgehend f\u00fcr die Lampenindustrie, in Eisenwarenl\u00e4den und Heinarbeitsm\u00e4rkten wie auch in M\u00f6beln und Badezimmerausstattungen zu finden sind.<\/p>\n<\/div>\r\n                        <\/div><\/div><\/div>[\/vc_column][vc_column width=&#8220;1\/4&#8243; el_class=&#8220;icon-gray&#8220; css=&#8220;.vc_custom_1429848879630{margin-bottom: 30px !important;}&#8220;]<div id=\"module_dt_iconboxes_4\" class=\"module_dt_iconboxes vc_custom_1456747457116\"><div data-uk-scrollspy=\"{cls:'uk-animation-slide-bottom', delay:300}\"><div class=\"dt-iconboxes-4 layout-4\">\r\n                        <div class=\"dt-section-icon hi-icon-wrap hi-icon-effect-5 hi-icon-effect-5d\"><i class=\"hi-icon icon-building-gear27\"><\/i><\/div>\r\n                        <h4>SPEZIELLEPRODUCKTE<\/h4><div class=\"dt-iconboxes-text\"><p style=\"text-align: left;\">In diesem Bereich finden Sie eine \u00dcbersicht mit den haupts\u00e4chlichen Artikeln aus spezieller Produktion. Unsere Fabrikation orientiert sich an der Realisation von Serienteilen aus Messing nach Zeichnung oder Musterteil welche uns unsere Kunden zur Verf\u00fcgung stellen.<\/p>\n<\/div>\r\n                        <\/div><\/div><\/div>[\/vc_column][\/vc_row]<\/p>\n","protected":false},"excerpt":{"rendered":"<p>[vc_row el_class=&#8220;hidden-xs float-none&#8220; css=&#8220;.vc_custom_1476794905204{margin-top: 0px !important;margin-bottom: 0px !important;background-color: #fbfbfb !important;}&#8220;][vc_column css=&#8220;.vc_custom_1431385969987{padding-right: 0px !important;padding-left: 0px !important;}&#8220;][vc_column_text][\/vc_column_text][\/vc_column][\/vc_row][vc_row expanded=&#8220;2&#8243; css=&#8220;.vc_custom_1429256002070{padding-top: 75px !important;padding-bottom: 75px !important;background-color: #f4f4f4 !important;}&#8220;][vc_column width=&#8220;1\/3&#8243; css=&#8220;.vc_custom_1429499474330{margin-bottom: 15px !important;border-right-width: 3px !important;padding-right: 45px !important;border-right-color: #ee633f !important;border-right-style: solid !important;}&#8220; el_class=&#8220;sm-text-align-left&#8220;][\/vc_column][vc_column width=&#8220;2\/3&#8243; css=&#8220;.vc_custom_1428637015507{padding-left: 45px !important;}&#8220;][vc_column_text css_animation=&#8220;right-to-left&#8220;] Das sind mehr als 70 Jahre in denen Wir National, als Marktf\u00fchrer in unserem&hellip;<\/p>\n","protected":false},"author":1,"featured_media":0,"parent":0,"menu_order":0,"comment_status":"closed","ping_status":"open","template":"fullwidth.php","meta":{"footnotes":""},"class_list":["post-12709","page","type-page","status-publish","hentry"],"_links":{"self":[{"href":"https:\/\/www.berbegal.es\/de\/wp-json\/wp\/v2\/pages\/12709","targetHints":{"allow":["GET"]}}],"collection":[{"href":"https:\/\/www.berbegal.es\/de\/wp-json\/wp\/v2\/pages"}],"about":[{"href":"https:\/\/www.berbegal.es\/de\/wp-json\/wp\/v2\/types\/page"}],"author":[{"embeddable":true,"href":"https:\/\/www.berbegal.es\/de\/wp-json\/wp\/v2\/users\/1"}],"replies":[{"embeddable":true,"href":"https:\/\/www.berbegal.es\/de\/wp-json\/wp\/v2\/comments?post=12709"}],"version-history":[{"count":11,"href":"https:\/\/www.berbegal.es\/de\/wp-json\/wp\/v2\/pages\/12709\/revisions"}],"predecessor-version":[{"id":12977,"href":"https:\/\/www.berbegal.es\/de\/wp-json\/wp\/v2\/pages\/12709\/revisions\/12977"}],"wp:attachment":[{"href":"https:\/\/www.berbegal.es\/de\/wp-json\/wp\/v2\/media?parent=12709"}],"curies":[{"name":"wp","href":"https:\/\/api.w.org\/{rel}","templated":true}]}}