{"id":12846,"date":"2015-03-25T03:31:15","date_gmt":"2015-03-25T03:31:15","guid":{"rendered":"http:\/\/www.berbegal.es\/de\/empresa-nuestra-historia\/"},"modified":"2026-03-31T08:24:58","modified_gmt":"2026-03-31T08:24:58","slug":"unternehmen-unsere-geschichte","status":"publish","type":"page","link":"https:\/\/www.berbegal.es\/de\/unternehmen-unsere-geschichte\/","title":{"rendered":"Unsere Geschichte"},"content":{"rendered":"<p>[vc_row css=&#8220;.vc_custom_1455529704133{margin-bottom: 30px !important;}&#8220;][vc_column]<div id=\"section-1\" class=\"dt-section-head left size-default\" dir=\"ltr\">\r\n                <div><h2 style=\"color:#444444\" class=\"section-main-title\">Nuestra Historia<\/h2><\/div>\r\n        <\/div>[vc_row_inner css=&#8220;.vc_custom_1427954499637{margin-top: 20px !important;margin-bottom: 60px !important;}&#8220;][vc_column_inner width=&#8220;1\/2&#8243; css=&#8220;.vc_custom_1429175952910{margin-bottom: 30px !important;padding-left: 0px !important;}&#8220;][vc_single_image image=&#8220;12720&#8243; img_size=&#8220;800&#215;350&#8243; css=&#8220;.vc_custom_1441363189599{margin-bottom: 30px !important;}&#8220;][vc_column_text]<\/p>\n<div class=\"dt-iconboxes-text\">\n<p style=\"text-align: justify;\">In <strong>1945<\/strong> begann die Firma Ihre T\u00e4tigkeiten unter dem Namen Berbegal. Das sind mehr asl 70 Jahre in denen Wir National, als Markt\u00fchrer in unserem Segment bekannt sind.<\/p>\n<p style=\"text-align: justify;\">Wir verf\u00fcgen \u00fcber standardisierte Artikel welche weitestgehend f\u00fcr die Lampenindustrie, in Eisenwarenl\u00e4den und Heinarbeitsm\u00e4rkten wie auch in M\u00f6beln und Badezimmerausstattungen zu finden sind.<\/p>\n<p style=\"text-align: justify;\">In diesem Bereich finden Sie eine \u00dcbersicht mit den haupts\u00e4chlichen Artikeln aus spezieller Produktion. Unsere Fabrikation orientiert sich an der Realisation von Serienteilen aus Messing nach Zeichnung oder Musterteil welche uns unsere Kunden zur Verf\u00fcgung stellen.<\/p>\n<\/div>\n<p>[\/vc_column_text][\/vc_column_inner][vc_column_inner width=&#8220;1\/2&#8243;][vc_column_text el_class=&#8220;col-lg-6&#8243;]<\/p>\n<h4 class=\"section-main-title\"><span class=\"primary_color_text\">01.<\/span> <span id=\"result_box\" class=\"short_text\" lang=\"de\"><span class=\"hps\">Unser Engagement<\/span><\/span><\/h4>\n<p class=\"section-main-title\" style=\"text-align: justify;\">Unsere aktuellen Unternehmungen f\u00fchren uns in weite Bereiche von Industriesektoren wie Luft. \u2013 und Raumfahrt, Automovil, Elektronik, Chirurgie, M\u00f6bel, Mechanik, u.s.w\u2026<\/p>\n<p>[\/vc_column_text][vc_column_text el_class=&#8220;col-lg-6&#8243;]<\/p>\n<h4 class=\"section-main-title\"><span class=\"primary_color_text\">02.<\/span> U<span id=\"result_box\" class=\"short_text\" lang=\"de\"><span class=\"hps\">nsere<\/span> <span class=\"hps\">Dienstleistungen<\/span><\/span><\/h4>\n<p class=\"section-main-title\" style=\"text-align: justify;\">Wir hoffen, das Diese Informationen ausreichen und Ihre Wirkung auf alle industriellen Firmen aus\u00fcbt, welche gerne auf unsere Dienste zur\u00fcckgreifen w\u00fcrden.<\/p>\n<p>[\/vc_column_text][vc_column_text el_class=&#8220;col-lg-6&#8243;]<\/p>\n<h4><span class=\"primary_color_text\">03.<\/span> Qualit\u00e4t<\/h4>\n<p class=\"section-main-title\" style=\"text-align: justify;\">Wir sind Stolz \u00fcber dieses Ansehen und uns der Verantwortung bewusst, welche uns diese Stellung aufgibt.Wir erf\u00fcllen und f\u00fchren die Kriterien der Qualit\u00e4t und unseres Services weiter, welcher uns in diesen Jahren Charakterisiert hat.<\/p>\n<p>[\/vc_column_text][vc_column_text el_class=&#8220;col-lg-6&#8243;]<\/p>\n<h4 class=\"section-main-title\"><span class=\"primary_color_text\">04.<\/span>\u00a0<span id=\"result_box\" class=\"short_text\" lang=\"de\"><span class=\"hps\">High<\/span> <span class=\"hps\">Tech<\/span><\/span><\/h4>\n<p class=\"section-main-title\" style=\"text-align: justify;\">F\u00fcr Dies, setzen Wir die h\u00f6chste, exisiterende Technologie ein und verfolgen die strengsten Qualit\u00e4tskontrollen welche die Firma <strong>BERBEGAL S.L.<\/strong>,Div. C.N.C., zum Erlangen des <strong>ISO-Zertifikates UNE-EN-ISO 9002.\u00a0 <\/strong>gef\u00fchrt hat um auch weiterhin zur Zufriedengheit unserer Kunden zu Arbeiten.<\/p>\n<p>[\/vc_column_text][\/vc_column_inner][\/vc_row_inner][\/vc_column][\/vc_row]<\/p>\n","protected":false},"excerpt":{"rendered":"<p>[vc_row css=&#8220;.vc_custom_1455529704133{margin-bottom: 30px !important;}&#8220;][vc_column][vc_row_inner css=&#8220;.vc_custom_1427954499637{margin-top: 20px !important;margin-bottom: 60px !important;}&#8220;][vc_column_inner width=&#8220;1\/2&#8243; css=&#8220;.vc_custom_1429175952910{margin-bottom: 30px !important;padding-left: 0px !important;}&#8220;][vc_single_image image=&#8220;12720&#8243; img_size=&#8220;800&#215;350&#8243; css=&#8220;.vc_custom_1441363189599{margin-bottom: 30px !important;}&#8220;][vc_column_text] In 1945 begann die Firma Ihre T\u00e4tigkeiten unter dem Namen Berbegal. Das sind mehr asl 70 Jahre in denen Wir National, als Markt\u00fchrer in unserem Segment bekannt sind. Wir verf\u00fcgen \u00fcber standardisierte Artikel welche weitestgehend&hellip;<\/p>\n","protected":false},"author":1,"featured_media":0,"parent":0,"menu_order":0,"comment_status":"closed","ping_status":"open","template":"fullwidth.php","meta":{"footnotes":""},"class_list":["post-12846","page","type-page","status-publish","hentry"],"_links":{"self":[{"href":"https:\/\/www.berbegal.es\/de\/wp-json\/wp\/v2\/pages\/12846","targetHints":{"allow":["GET"]}}],"collection":[{"href":"https:\/\/www.berbegal.es\/de\/wp-json\/wp\/v2\/pages"}],"about":[{"href":"https:\/\/www.berbegal.es\/de\/wp-json\/wp\/v2\/types\/page"}],"author":[{"embeddable":true,"href":"https:\/\/www.berbegal.es\/de\/wp-json\/wp\/v2\/users\/1"}],"replies":[{"embeddable":true,"href":"https:\/\/www.berbegal.es\/de\/wp-json\/wp\/v2\/comments?post=12846"}],"version-history":[{"count":6,"href":"https:\/\/www.berbegal.es\/de\/wp-json\/wp\/v2\/pages\/12846\/revisions"}],"predecessor-version":[{"id":13879,"href":"https:\/\/www.berbegal.es\/de\/wp-json\/wp\/v2\/pages\/12846\/revisions\/13879"}],"wp:attachment":[{"href":"https:\/\/www.berbegal.es\/de\/wp-json\/wp\/v2\/media?parent=12846"}],"curies":[{"name":"wp","href":"https:\/\/api.w.org\/{rel}","templated":true}]}}