{"id":12852,"date":"2015-03-18T06:06:48","date_gmt":"2015-03-18T06:06:48","guid":{"rendered":"http:\/\/www.berbegal.es\/de\/cnc\/"},"modified":"2016-02-29T14:01:01","modified_gmt":"2016-02-29T14:01:01","slug":"cnc","status":"publish","type":"page","link":"https:\/\/www.berbegal.es\/de\/cnc\/","title":{"rendered":"CNC"},"content":{"rendered":"<p>[vc_row css=&#8220;.vc_custom_1428460466312{margin-bottom: 0px !important;}&#8220;][vc_column width=&#8220;7\/12&#8243; css=&#8220;.vc_custom_1428460610609{padding-top: 30px !important;padding-bottom: 60px !important;}&#8220; el_class=&#8220;equal-height&#8220;][vc_column_text]<\/p>\n<h1>Abteilung C.N.C-Maschinen<\/h1>\n<p>Im laufe der Zeit und der Bed\u00fcrfnisse des Marktes haben dazu gef\u00fchrt, das die Liefer. &#8211; und Reaktionszeiten immer k\u00fcrzer wurden. Das hat uns vor ein grosses Problem gestellt welches gel\u00f6st werden musste. Das Zauberwort hiess von nun an &#8222;Flexibilit\u00e4t&#8220;.<\/p>\n<p>Wir haben uns Zusammengesetzt und entschieden, eine neue Linie von flexibien Maschinen von grosser Pr\u00e4zision zu beschaffen. Wir haben in Folge eine Abteilung it\u00a0 C.N.C.-Maschinen er\u00f6ffnet.<\/p>\n<p>Aktuell verf\u00fcgen Wir \u00fcber eine grosse Anzahl von C.N.C.-Maschinen weiche \u00fcber 8, 10 und bis zu 12 gesteuerte, Achsen verf\u00fcgen mit der jedes, auch komplexe Werkst\u00fccke von 2 mm bis 120 mm. realisiert werden k\u00f6nnen.[\/vc_column_text][\/vc_column][vc_column width=&#8220;5\/12&#8243; css=&#8220;.vc_custom_1441366236527{padding-left: 40px !important;background-position: center !important;background-repeat: no-repeat !important;background-size: cover !important;}&#8220; el_class=&#8220;equal-height&#8220;][vc_single_image image=&#8220;12551&#8243; img_size=&#8220;large&#8220; css=&#8220;.vc_custom_1441366529027{padding-top: 100px !important;}&#8220;][vc_column_text]<br \/>\n[\/vc_column_text][\/vc_column][\/vc_row]<\/p>\n","protected":false},"excerpt":{"rendered":"<p>[vc_row css=&#8220;.vc_custom_1428460466312{margin-bottom: 0px !important;}&#8220;][vc_column width=&#8220;7\/12&#8243; css=&#8220;.vc_custom_1428460610609{padding-top: 30px !important;padding-bottom: 60px !important;}&#8220; el_class=&#8220;equal-height&#8220;][vc_column_text] Abteilung C.N.C-Maschinen Im laufe der Zeit und der Bed\u00fcrfnisse des Marktes haben dazu gef\u00fchrt, das die Liefer. &#8211; und Reaktionszeiten immer k\u00fcrzer wurden. Das hat uns vor ein grosses Problem gestellt welches gel\u00f6st werden musste. Das Zauberwort hiess von nun an &#8222;Flexibilit\u00e4t&#8220;. Wir haben&hellip;<\/p>\n","protected":false},"author":1,"featured_media":0,"parent":0,"menu_order":0,"comment_status":"closed","ping_status":"open","template":"fullwidth.php","meta":{"footnotes":""},"class_list":["post-12852","page","type-page","status-publish","hentry"],"_links":{"self":[{"href":"https:\/\/www.berbegal.es\/de\/wp-json\/wp\/v2\/pages\/12852","targetHints":{"allow":["GET"]}}],"collection":[{"href":"https:\/\/www.berbegal.es\/de\/wp-json\/wp\/v2\/pages"}],"about":[{"href":"https:\/\/www.berbegal.es\/de\/wp-json\/wp\/v2\/types\/page"}],"author":[{"embeddable":true,"href":"https:\/\/www.berbegal.es\/de\/wp-json\/wp\/v2\/users\/1"}],"replies":[{"embeddable":true,"href":"https:\/\/www.berbegal.es\/de\/wp-json\/wp\/v2\/comments?post=12852"}],"version-history":[{"count":2,"href":"https:\/\/www.berbegal.es\/de\/wp-json\/wp\/v2\/pages\/12852\/revisions"}],"predecessor-version":[{"id":12912,"href":"https:\/\/www.berbegal.es\/de\/wp-json\/wp\/v2\/pages\/12852\/revisions\/12912"}],"wp:attachment":[{"href":"https:\/\/www.berbegal.es\/de\/wp-json\/wp\/v2\/media?parent=12852"}],"curies":[{"name":"wp","href":"https:\/\/api.w.org\/{rel}","templated":true}]}}