{"id":12857,"date":"2015-03-26T05:50:12","date_gmt":"2015-03-26T05:50:12","guid":{"rendered":"http:\/\/www.berbegal.es\/de\/contacto\/"},"modified":"2016-05-16T13:46:27","modified_gmt":"2016-05-16T13:46:27","slug":"kontakt","status":"publish","type":"page","link":"https:\/\/www.berbegal.es\/de\/kontakt\/","title":{"rendered":"Kontackt"},"content":{"rendered":"<p>[vc_row][vc_column][vc_column_text]Sie k\u00f6nnen sich direkt mit der entsprechenden Abteilung in Verbindung setzen:[\/vc_column_text][\/vc_column][\/vc_row][vc_row][vc_column width=&#8220;1\/3&#8243;][vc_column_text]<strong>GESCH\u00c4FTSLEITUNG:<\/strong><br \/>\nJose Berbegal Alonso\u00a0 <a href=\"mailto:gerencia@berbegal.es\"><br \/>\n<\/a>Tomas Berbegal Alonso<\/p>\n<p><strong><span id=\"result_box\" class=\"short_text\" lang=\"de\"><span class=\"hps\">ABT.<\/span> <span class=\"hps\">TECHNISCH:<\/span><\/span><\/strong><br \/>\nRam\u00f3n Lacomba <a href=\"mailto:departamentotecnico@berbegal.es\">departamentotecnico@berbegal.es<\/a><\/p>\n<p><strong><span id=\"result_box\" class=\"short_text\" lang=\"de\"><span class=\"hps\">ABT.<\/span> <span class=\"hps\">PRODUKTION:<\/span><\/span><\/strong><br \/>\nHector Berbegal Alonso\u00a0 <a href=\"mailto:hector@berbegal.es\">hector@berbegal.es<\/a><a href=\"mailto:berbegal@berbegal.es\"><br \/>\n<\/a>Francisco Llorens Palanca <a href=\"mailto:cnc@berbegal.es\">cnc@berbegal.es<\/a>[\/vc_column_text][\/vc_column][vc_column width=&#8220;1\/3&#8243;][vc_column_text]<strong>VERKAUF (auftr\u00e4ge):<\/strong><br \/>\nPaula Pelegrin <a href=\"mailto:eurodecoletaje@berbegal.es\">eurodecoletaje@berbegal.es<\/a><br \/>\nEnrique Esquer <a href=\"mailto:ventas@berbegal.es\">ventas@berbegal.es<\/a><\/p>\n<p><strong><span id=\"result_box\" class=\"short_text\" lang=\"de\"><span class=\"hps\">BUCHHALTUNG:<\/span><\/span><\/strong><br \/>\nPablo S\u00e1nchez M\u00e1rquez <a href=\"mailto:contabilidad@berbegal.es\">contabilidad@berbegal.es<\/a><\/p>\n<p><strong>EXPEDITION:<\/strong><br \/>\nSergio Garc\u00eda-Olalla <a href=\"mailto:expedicion@berbegal.es\">expedicion@berbegal.es<\/a>[\/vc_column_text][\/vc_column][vc_column width=&#8220;1\/3&#8243;][vc_column_text]<strong><span id=\"result_box\" class=\"short_text\" lang=\"de\"><span class=\"hps\">KOMMERZIELL:<\/span><\/span>COMERCIAL<\/strong>:<br \/>\nRafael Engu\u00eddanos \u00a0<a href=\"mailto:comercial@berbegal.es\">comercial@berbegal.es<\/a><\/p>\n<p><strong>EINKAUFEN:<\/strong><br \/>\nPamela Berbegal \u00a0<a href=\"mailto:pamela@berbegal.es\">pamela@berbegal.es<\/a><\/p>\n<p><strong><span id=\"result_box\" class=\"short_text\" lang=\"de\"><span class=\"hps\">QUALIT\u00c4T<\/span><\/span>:<\/strong><br \/>\nRam\u00f3n Lacomba <a href=\"mailto:calidadramon@berbegal.es\">calidadramon@berbegal.es<\/a><br \/>\nFelipe S\u00e1nchez <a href=\"mailto:calidadfelipe@berbegal.es\">calidadfelipe@berbegal.es<\/a><br \/>\nFina Maz\u00f3n <a href=\"mailto:calidadcnc@berbegal.es\">calidadcnc@berbegal.es<\/a>[\/vc_column_text][\/vc_column][\/vc_row][vc_row css=&#8220;.vc_custom_1456759330689{margin-bottom: 0px !important;padding-top: 60px !important;padding-right: 60px !important;padding-bottom: 60px !important;padding-left: 60px !important;}&#8220; el_class=&#8220;row_contact&#8220;][vc_column width=&#8220;1\/3&#8243; css=&#8220;.vc_custom_1429254645725{margin-bottom: 30px !important;}&#8220;][vc_column_text]<span id=\"result_box\" class=\"\" lang=\"de\">F\u00fcllen Sie das folgende Formular aus und wir werden in k\u00fcrze Kontakt mit Ihnen aufnehmen.<br \/>\n<\/span>[\/vc_column_text][vc_separator][vc_column_text]<span class=\"ley\" style=\"font-size: 0.8em;\">In \u00dcbereinstimmung mit den Bestimmungen des Gesetzes 15\/99 \u00fcber den Schutz personenbezogener Daten, informieren wir Sie, dass die pers\u00f6nlichen Daten vertraulich behandelt und in automatisierten Dateien von Berbegal SL verwaltet werden , damit ihr Antrag zur Bereitstellung von Informationen \u00fcber Produkte und Dienstleistungen so effizient wie m\u00f6glich zur Verbesserung dieser Website beitragen. Auf diese Daten k\u00f6nnen die Rechte auf Auskunft, Berichtigung, L\u00f6schung und Widerspruch haben, indem Sie eine E-Mail an <a href=\"mailto:info@berbegal.es\">info@berbegal.es<\/a> senden. <\/span>[\/vc_column_text][\/vc_column][vc_column width=&#8220;2\/3&#8243;]\n<div class=\"wpcf7 no-js\" id=\"wpcf7-f12929-o1\" lang=\"en-US\" dir=\"ltr\" data-wpcf7-id=\"12929\">\n<div class=\"screen-reader-response\"><p role=\"status\" aria-live=\"polite\" aria-atomic=\"true\"><\/p> <ul><\/ul><\/div>\n<form action=\"\/de\/wp-json\/wp\/v2\/pages\/12857#wpcf7-f12929-o1\" method=\"post\" class=\"wpcf7-form init\" aria-label=\"Contact form\" novalidate=\"novalidate\" data-status=\"init\">\n<fieldset class=\"hidden-fields-container\"><input type=\"hidden\" name=\"_wpcf7\" value=\"12929\" \/><input type=\"hidden\" name=\"_wpcf7_version\" value=\"6.1.5\" \/><input type=\"hidden\" name=\"_wpcf7_locale\" value=\"en_US\" \/><input type=\"hidden\" name=\"_wpcf7_unit_tag\" value=\"wpcf7-f12929-o1\" \/><input type=\"hidden\" name=\"_wpcf7_container_post\" value=\"0\" \/><input type=\"hidden\" name=\"_wpcf7_posted_data_hash\" value=\"\" \/>\n<\/fieldset>\n<div class=\"col-sm-12\">\n\t<p><span class=\"wpcf7-form-control-wrap\" data-name=\"your-name\"><input size=\"40\" maxlength=\"400\" class=\"wpcf7-form-control wpcf7-text wpcf7-validates-as-required\" aria-required=\"true\" aria-invalid=\"false\" placeholder=\"Name\" value=\"\" type=\"text\" name=\"your-name\" \/><\/span>\n\t<\/p>\n<\/div>\n<div class=\"col-sm-6\">\n\t<p><span class=\"wpcf7-form-control-wrap\" data-name=\"your-email\"><input size=\"40\" maxlength=\"400\" class=\"wpcf7-form-control wpcf7-email wpcf7-validates-as-required wpcf7-text wpcf7-validates-as-email\" aria-required=\"true\" aria-invalid=\"false\" placeholder=\"Email\" value=\"\" type=\"email\" name=\"your-email\" \/><\/span>\n\t<\/p>\n<\/div>\n<div class=\"col-sm-6\">\n\t<p><span class=\"wpcf7-form-control-wrap\" data-name=\"your-tel\"><input size=\"40\" maxlength=\"400\" class=\"wpcf7-form-control wpcf7-tel wpcf7-validates-as-required wpcf7-text wpcf7-validates-as-tel\" aria-required=\"true\" aria-invalid=\"false\" placeholder=\"Telefon\" value=\"\" type=\"tel\" name=\"your-tel\" \/><\/span>\n\t<\/p>\n<\/div>\n<div class=\"col-sm-12\">\n\t<p><span class=\"wpcf7-form-control-wrap\" data-name=\"your-message\"><textarea cols=\"40\" rows=\"5\" maxlength=\"2000\" class=\"wpcf7-form-control wpcf7-textarea\" aria-invalid=\"false\" placeholder=\"Anfrage\" name=\"your-message\"><\/textarea><\/span>\n\t<\/p>\n<\/div>\n<div class=\"col-sm-6 text-left\">\n\t<p>[recaptcha]\n\t<\/p>\n<\/div>\n<div class=\"col-sm-6 text-right\">\n\t<p><input class=\"wpcf7-form-control wpcf7-submit has-spinner btn btn-lg btn-color-primary skin-light\" type=\"submit\" value=\"Senden\" \/>\n\t<\/p>\n<\/div><div class=\"wpcf7-response-output\" aria-hidden=\"true\"><\/div>\n<\/form>\n<\/div>\n[\/vc_column][\/vc_row]<\/p>\n","protected":false},"excerpt":{"rendered":"<p>[vc_row][vc_column][vc_column_text]Sie k\u00f6nnen sich direkt mit der entsprechenden Abteilung in Verbindung setzen:[\/vc_column_text][\/vc_column][\/vc_row][vc_row][vc_column width=&#8220;1\/3&#8243;][vc_column_text]GESCH\u00c4FTSLEITUNG: Jose Berbegal Alonso\u00a0 Tomas Berbegal Alonso ABT. TECHNISCH: Ram\u00f3n Lacomba departamentotecnico@berbegal.es ABT. PRODUKTION: Hector Berbegal Alonso\u00a0 hector@berbegal.es Francisco Llorens Palanca cnc@berbegal.es[\/vc_column_text][\/vc_column][vc_column width=&#8220;1\/3&#8243;][vc_column_text]VERKAUF (auftr\u00e4ge): Paula Pelegrin eurodecoletaje@berbegal.es Enrique Esquer ventas@berbegal.es BUCHHALTUNG: Pablo S\u00e1nchez M\u00e1rquez contabilidad@berbegal.es EXPEDITION: Sergio Garc\u00eda-Olalla expedicion@berbegal.es[\/vc_column_text][\/vc_column][vc_column width=&#8220;1\/3&#8243;][vc_column_text]KOMMERZIELL:COMERCIAL: Rafael Engu\u00eddanos \u00a0comercial@berbegal.es EINKAUFEN:&hellip;<\/p>\n","protected":false},"author":1,"featured_media":0,"parent":0,"menu_order":0,"comment_status":"closed","ping_status":"open","template":"fullwidth.php","meta":{"footnotes":""},"class_list":["post-12857","page","type-page","status-publish","hentry"],"_links":{"self":[{"href":"https:\/\/www.berbegal.es\/de\/wp-json\/wp\/v2\/pages\/12857","targetHints":{"allow":["GET"]}}],"collection":[{"href":"https:\/\/www.berbegal.es\/de\/wp-json\/wp\/v2\/pages"}],"about":[{"href":"https:\/\/www.berbegal.es\/de\/wp-json\/wp\/v2\/types\/page"}],"author":[{"embeddable":true,"href":"https:\/\/www.berbegal.es\/de\/wp-json\/wp\/v2\/users\/1"}],"replies":[{"embeddable":true,"href":"https:\/\/www.berbegal.es\/de\/wp-json\/wp\/v2\/comments?post=12857"}],"version-history":[{"count":18,"href":"https:\/\/www.berbegal.es\/de\/wp-json\/wp\/v2\/pages\/12857\/revisions"}],"predecessor-version":[{"id":12963,"href":"https:\/\/www.berbegal.es\/de\/wp-json\/wp\/v2\/pages\/12857\/revisions\/12963"}],"wp:attachment":[{"href":"https:\/\/www.berbegal.es\/de\/wp-json\/wp\/v2\/media?parent=12857"}],"curies":[{"name":"wp","href":"https:\/\/api.w.org\/{rel}","templated":true}]}}