{"id":12862,"date":"2015-03-23T04:00:32","date_gmt":"2015-03-23T04:00:32","guid":{"rendered":"http:\/\/www.berbegal.es\/de\/productos-standard\/"},"modified":"2016-02-29T13:48:48","modified_gmt":"2016-02-29T13:48:48","slug":"standardprodukte","status":"publish","type":"page","link":"https:\/\/www.berbegal.es\/de\/standardprodukte\/","title":{"rendered":"Standardprodukte"},"content":{"rendered":"<p>[vc_row css=&#8220;.vc_custom_1427957598138{margin-bottom: 40px !important;}&#8220;][vc_column css=&#8220;.vc_custom_1427957540408{padding-bottom: 0px !important;}&#8220;]<div id=\"section-1\" class=\"dt-section-head left size-default\" dir=\"ltr\">\r\n                <div><h2 class=\"section-main-title\">Standardprodukte <\/h2><\/div>\r\n        <\/div>[vc_column_text]Wir verf\u00fcgen \u00fcber standardisierte Artikel welche weitestgehend f\u00fcr die Lampenindustrie, in Eisenwarenl\u00e4den und Heinarbeitsm\u00e4rkten wie auch in M\u00f6beln und Badezimmerausstattungen zu finden sind.<\/p>\n<p><span id=\"result_box\" class=\"\" lang=\"de\"><span class=\"hps\">\u00dcberpr\u00fcfen Sie die Verf\u00fcgbarkeit<\/span> <span class=\"hps\">von<\/span> <span class=\"hps\">Lager<\/span> <span class=\"hps\">f\u00fcr<\/span> <span class=\"hps\">Bestellung<\/span> <span class=\"hps\">oder<\/span> <span class=\"hps\">Kataloganfrage <\/span><\/span><a href=\"mailto:ventas@berbegal.es\">ventas@berbegal.es<\/a>[\/vc_column_text][\/vc_column][\/vc_row]<\/p>\n","protected":false},"excerpt":{"rendered":"<p>[vc_row css=&#8220;.vc_custom_1427957598138{margin-bottom: 40px !important;}&#8220;][vc_column css=&#8220;.vc_custom_1427957540408{padding-bottom: 0px !important;}&#8220;][vc_column_text]Wir verf\u00fcgen \u00fcber standardisierte Artikel welche weitestgehend f\u00fcr die Lampenindustrie, in Eisenwarenl\u00e4den und Heinarbeitsm\u00e4rkten wie auch in M\u00f6beln und Badezimmerausstattungen zu finden sind. \u00dcberpr\u00fcfen Sie die Verf\u00fcgbarkeit von Lager f\u00fcr Bestellung oder Kataloganfrage ventas@berbegal.es[\/vc_column_text][\/vc_column][\/vc_row]<\/p>\n","protected":false},"author":1,"featured_media":0,"parent":0,"menu_order":0,"comment_status":"closed","ping_status":"open","template":"","meta":{"footnotes":""},"class_list":["post-12862","page","type-page","status-publish","hentry"],"_links":{"self":[{"href":"https:\/\/www.berbegal.es\/de\/wp-json\/wp\/v2\/pages\/12862","targetHints":{"allow":["GET"]}}],"collection":[{"href":"https:\/\/www.berbegal.es\/de\/wp-json\/wp\/v2\/pages"}],"about":[{"href":"https:\/\/www.berbegal.es\/de\/wp-json\/wp\/v2\/types\/page"}],"author":[{"embeddable":true,"href":"https:\/\/www.berbegal.es\/de\/wp-json\/wp\/v2\/users\/1"}],"replies":[{"embeddable":true,"href":"https:\/\/www.berbegal.es\/de\/wp-json\/wp\/v2\/comments?post=12862"}],"version-history":[{"count":3,"href":"https:\/\/www.berbegal.es\/de\/wp-json\/wp\/v2\/pages\/12862\/revisions"}],"predecessor-version":[{"id":12910,"href":"https:\/\/www.berbegal.es\/de\/wp-json\/wp\/v2\/pages\/12862\/revisions\/12910"}],"wp:attachment":[{"href":"https:\/\/www.berbegal.es\/de\/wp-json\/wp\/v2\/media?parent=12862"}],"curies":[{"name":"wp","href":"https:\/\/api.w.org\/{rel}","templated":true}]}}