{"id":12856,"date":"2015-03-26T05:50:12","date_gmt":"2015-03-26T05:50:12","guid":{"rendered":"http:\/\/www.berbegal.es\/en\/contacto\/"},"modified":"2016-05-16T13:45:28","modified_gmt":"2016-05-16T13:45:28","slug":"contact","status":"publish","type":"page","link":"https:\/\/www.berbegal.es\/en\/contact\/","title":{"rendered":"Contact"},"content":{"rendered":"<p>[vc_row][vc_column][vc_column_text]You can contact directly with the department that you wish:[\/vc_column_text][\/vc_column][\/vc_row][vc_row][vc_column width=&#8221;1\/3&#8243;][vc_column_text]<strong>MANAGEMENT:<\/strong><br \/>\nJose Berbegal Alonso\u00a0 <a href=\"mailto:gerencia@berbegal.es\"><br \/>\n<\/a>Tomas Berbegal Alonso<\/p>\n<p><strong>DEPT. TECHNICAL:<\/strong><br \/>\nRam\u00f3n Lacomba <a href=\"mailto:departamentotecnico@berbegal.es\">departamentotecnico@berbegal.es<\/a><\/p>\n<p><strong>DEPT. <span id=\"result_box\" class=\"short_text\" lang=\"en\"><span class=\"hps\">PRODUCTION<\/span><\/span>:<\/strong><br \/>\nHector Berbegal Alonso\u00a0 <a href=\"mailto:hector@berbegal.es\">hector@berbegal.es<\/a><a href=\"mailto:berbegal@berbegal.es\"><br \/>\n<\/a>Francisco Llorens Palanca <a href=\"mailto:cnc@berbegal.es\">cnc@berbegal.es<\/a>[\/vc_column_text][\/vc_column][vc_column width=&#8221;1\/3&#8243;][vc_column_text]<strong>SALES (orders):<\/strong><br \/>\nPaula Pelegrin <a href=\"mailto:eurodecoletaje@berbegal.es\">eurodecoletaje@berbegal.es<\/a><br \/>\nEnrique Esquer <a href=\"mailto:ventas@berbegal.es\">ventas@berbegal.es<\/a><\/p>\n<p><strong>ACCOUNTING:<\/strong><br \/>\nPablo S\u00e1nchez M\u00e1rquez <a href=\"mailto:contabilidad@berbegal.es\">contabilidad@berbegal.es<\/a><\/p>\n<p><strong>EXPEDITION:<\/strong><br \/>\nSergio Garc\u00eda-Olalla <a href=\"mailto:expedicion@berbegal.es\">expedicion@berbegal.es<\/a>[\/vc_column_text][\/vc_column][vc_column width=&#8221;1\/3&#8243;][vc_column_text]<strong>COMMERCIAL<\/strong>:<br \/>\nRafael Engu\u00eddanos \u00a0<a href=\"mailto:comercial@berbegal.es\">comercial@berbegal.es<\/a><\/p>\n<p><strong>SHOPPING:<\/strong><br \/>\nPamela Berbegal \u00a0<a href=\"mailto:pamela@berbegal.es\">pamela@berbegal.es<\/a><\/p>\n<p><strong>QUALITY<\/strong>:<br \/>\nRam\u00f3n Lacomba <a href=\"mailto:calidadramon@berbegal.es\">calidadramon@berbegal.es<\/a><br \/>\nFelipe S\u00e1nchez <a href=\"mailto:calidadfelipe@berbegal.es\">calidadfelipe@berbegal.es<\/a><br \/>\nFina Maz\u00f3n <a href=\"mailto:calidadcnc@berbegal.es\">calidadcnc@berbegal.es<\/a>[\/vc_column_text][\/vc_column][\/vc_row][vc_row css=&#8221;.vc_custom_1456757131754{margin-bottom: 0px !important;padding-top: 60px !important;padding-right: 60px !important;padding-bottom: 60px !important;padding-left: 60px !important;}&#8221; el_class=&#8221;row_contact&#8221;][vc_column width=&#8221;1\/3&#8243; css=&#8221;.vc_custom_1429254645725{margin-bottom: 30px !important;}&#8221;][vc_column_text]If not, please fill in this form and we will contact width you shortly.[\/vc_column_text][vc_separator][vc_column_text]<span class=\"ley\" style=\"font-size: 0.8em;\">In order to assure the organic law 15\/99 for protection of information of personal character, we inform that the personal information that you facilitate to us will be treated confidentially and incorporated into automated files Berbegal&#8217;s Ownership S.L., for the effective management of your request and in order to facilitate the information about the products and services that this company commercializes and the improvements of this web site. Concerning this personal information, you will be able to exercise the rights of access, rectification, opposition and cancellation, sending an e-mail to <a href=\"mailto:info@berbegal.es\">info@berbegal.es<\/a><\/span>[\/vc_column_text][\/vc_column][vc_column width=&#8221;2\/3&#8243;]\n<div class=\"wpcf7 no-js\" id=\"wpcf7-f12928-o1\" lang=\"en-US\" dir=\"ltr\" data-wpcf7-id=\"12928\">\n<div class=\"screen-reader-response\"><p role=\"status\" aria-live=\"polite\" aria-atomic=\"true\"><\/p> <ul><\/ul><\/div>\n<form action=\"\/en\/wp-json\/wp\/v2\/pages\/12856#wpcf7-f12928-o1\" method=\"post\" class=\"wpcf7-form init\" aria-label=\"Contact form\" novalidate=\"novalidate\" data-status=\"init\">\n<fieldset class=\"hidden-fields-container\"><input type=\"hidden\" name=\"_wpcf7\" value=\"12928\" \/><input type=\"hidden\" name=\"_wpcf7_version\" value=\"6.1.5\" \/><input type=\"hidden\" name=\"_wpcf7_locale\" value=\"en_US\" \/><input type=\"hidden\" name=\"_wpcf7_unit_tag\" value=\"wpcf7-f12928-o1\" \/><input type=\"hidden\" name=\"_wpcf7_container_post\" value=\"0\" \/><input type=\"hidden\" name=\"_wpcf7_posted_data_hash\" value=\"\" \/>\n<\/fieldset>\n<div class=\"col-sm-12\">\n\t<p><span class=\"wpcf7-form-control-wrap\" data-name=\"your-name\"><input size=\"40\" maxlength=\"400\" class=\"wpcf7-form-control wpcf7-text wpcf7-validates-as-required\" aria-required=\"true\" aria-invalid=\"false\" placeholder=\"Name\" value=\"\" type=\"text\" name=\"your-name\" \/><\/span>\n\t<\/p>\n<\/div>\n<div class=\"col-sm-6\">\n\t<p><span class=\"wpcf7-form-control-wrap\" data-name=\"your-email\"><input size=\"40\" maxlength=\"400\" class=\"wpcf7-form-control wpcf7-email wpcf7-validates-as-required wpcf7-text wpcf7-validates-as-email\" aria-required=\"true\" aria-invalid=\"false\" placeholder=\"Email\" value=\"\" type=\"email\" name=\"your-email\" \/><\/span>\n\t<\/p>\n<\/div>\n<div class=\"col-sm-6\">\n\t<p><span class=\"wpcf7-form-control-wrap\" data-name=\"your-tel\"><input size=\"40\" maxlength=\"400\" class=\"wpcf7-form-control wpcf7-tel wpcf7-validates-as-required wpcf7-text wpcf7-validates-as-tel\" aria-required=\"true\" aria-invalid=\"false\" placeholder=\"Phone\" value=\"\" type=\"tel\" name=\"your-tel\" \/><\/span>\n\t<\/p>\n<\/div>\n<div class=\"col-sm-12\">\n\t<p><span class=\"wpcf7-form-control-wrap\" data-name=\"your-message\"><textarea cols=\"40\" rows=\"5\" maxlength=\"2000\" class=\"wpcf7-form-control wpcf7-textarea\" aria-invalid=\"false\" placeholder=\"Question\" name=\"your-message\"><\/textarea><\/span>\n\t<\/p>\n<\/div>\n<div class=\"col-sm-6 text-left\">\n\t<p>[recaptcha]\n\t<\/p>\n<\/div>\n<div class=\"col-sm-6 text-right\">\n\t<p><input class=\"wpcf7-form-control wpcf7-submit has-spinner btn btn-lg btn-color-primary skin-light\" type=\"submit\" value=\"Send\" \/>\n\t<\/p>\n<\/div><div class=\"wpcf7-response-output\" aria-hidden=\"true\"><\/div>\n<\/form>\n<\/div>\n[\/vc_column][\/vc_row]<\/p>\n","protected":false},"excerpt":{"rendered":"<p>[vc_row][vc_column][vc_column_text]You can contact directly with the department that you wish:[\/vc_column_text][\/vc_column][\/vc_row][vc_row][vc_column width=&#8221;1\/3&#8243;][vc_column_text]MANAGEMENT: Jose Berbegal Alonso\u00a0 Tomas Berbegal Alonso DEPT. TECHNICAL: Ram\u00f3n Lacomba departamentotecnico@berbegal.es DEPT. PRODUCTION: Hector Berbegal Alonso\u00a0 hector@berbegal.es Francisco Llorens Palanca cnc@berbegal.es[\/vc_column_text][\/vc_column][vc_column width=&#8221;1\/3&#8243;][vc_column_text]SALES (orders): Paula Pelegrin eurodecoletaje@berbegal.es Enrique Esquer ventas@berbegal.es ACCOUNTING: Pablo S\u00e1nchez M\u00e1rquez contabilidad@berbegal.es EXPEDITION: Sergio Garc\u00eda-Olalla expedicion@berbegal.es[\/vc_column_text][\/vc_column][vc_column width=&#8221;1\/3&#8243;][vc_column_text]COMMERCIAL: Rafael Engu\u00eddanos \u00a0comercial@berbegal.es SHOPPING: Pamela&hellip;<\/p>\n","protected":false},"author":1,"featured_media":0,"parent":0,"menu_order":0,"comment_status":"closed","ping_status":"open","template":"fullwidth.php","meta":{"footnotes":""},"class_list":["post-12856","page","type-page","status-publish","hentry"],"_links":{"self":[{"href":"https:\/\/www.berbegal.es\/en\/wp-json\/wp\/v2\/pages\/12856","targetHints":{"allow":["GET"]}}],"collection":[{"href":"https:\/\/www.berbegal.es\/en\/wp-json\/wp\/v2\/pages"}],"about":[{"href":"https:\/\/www.berbegal.es\/en\/wp-json\/wp\/v2\/types\/page"}],"author":[{"embeddable":true,"href":"https:\/\/www.berbegal.es\/en\/wp-json\/wp\/v2\/users\/1"}],"replies":[{"embeddable":true,"href":"https:\/\/www.berbegal.es\/en\/wp-json\/wp\/v2\/comments?post=12856"}],"version-history":[{"count":10,"href":"https:\/\/www.berbegal.es\/en\/wp-json\/wp\/v2\/pages\/12856\/revisions"}],"predecessor-version":[{"id":12962,"href":"https:\/\/www.berbegal.es\/en\/wp-json\/wp\/v2\/pages\/12856\/revisions\/12962"}],"wp:attachment":[{"href":"https:\/\/www.berbegal.es\/en\/wp-json\/wp\/v2\/media?parent=12856"}],"curies":[{"name":"wp","href":"https:\/\/api.w.org\/{rel}","templated":true}]}}